{"id":509,"date":"2022-08-24T14:23:12","date_gmt":"2022-08-24T17:23:12","guid":{"rendered":"http:\/\/meninasnabolsa.com\/?page_id=509"},"modified":"2022-11-27T01:40:27","modified_gmt":"2022-11-27T04:40:27","slug":"como-participar","status":"publish","type":"page","link":"http:\/\/meninasnabolsa.com\/index.php\/como-participar\/","title":{"rendered":"Como participar"},"content":{"rendered":"\t\t<div data-elementor-type=\"wp-page\" data-elementor-id=\"509\" class=\"elementor elementor-509\">\n\t\t\t\t\t\t\t\t\t<section class=\"elementor-section elementor-top-section elementor-element elementor-element-6a6bcf3 elementor-section-boxed elementor-section-height-default elementor-section-height-default\" data-id=\"6a6bcf3\" data-element_type=\"section\">\n\t\t\t\t\t\t<div class=\"elementor-container elementor-column-gap-default\">\n\t\t\t\t\t<div class=\"elementor-column elementor-col-100 elementor-top-column elementor-element elementor-element-230518f\" data-id=\"230518f\" data-element_type=\"column\">\n\t\t\t<div class=\"elementor-widget-wrap elementor-element-populated\">\n\t\t\t\t\t\t\t\t<div class=\"elementor-element elementor-element-d8a9185 elementor-widget elementor-widget-heading\" data-id=\"d8a9185\" data-element_type=\"widget\" data-widget_type=\"heading.default\">\n\t\t\t\t<div class=\"elementor-widget-container\">\n\t\t\t<style>\/*! elementor - v3.6.8 - 27-07-2022 *\/\n.elementor-heading-title{padding:0;margin:0;line-height:1}.elementor-widget-heading .elementor-heading-title[class*=elementor-size-]>a{color:inherit;font-size:inherit;line-height:inherit}.elementor-widget-heading .elementor-heading-title.elementor-size-small{font-size:15px}.elementor-widget-heading .elementor-heading-title.elementor-size-medium{font-size:19px}.elementor-widget-heading .elementor-heading-title.elementor-size-large{font-size:29px}.elementor-widget-heading .elementor-heading-title.elementor-size-xl{font-size:39px}.elementor-widget-heading .elementor-heading-title.elementor-size-xxl{font-size:59px}<\/style><h4 class=\"elementor-heading-title elementor-size-default\">Engaje-se<\/h4>\t\t<\/div>\n\t\t\t\t<\/div>\n\t\t\t\t<div class=\"elementor-element elementor-element-ea13e26 elementor-widget elementor-widget-text-editor\" data-id=\"ea13e26\" data-element_type=\"widget\" data-widget_type=\"text-editor.default\">\n\t\t\t\t<div class=\"elementor-widget-container\">\n\t\t\t<style>\/*! elementor - v3.6.8 - 27-07-2022 *\/\n.elementor-widget-text-editor.elementor-drop-cap-view-stacked .elementor-drop-cap{background-color:#818a91;color:#fff}.elementor-widget-text-editor.elementor-drop-cap-view-framed .elementor-drop-cap{color:#818a91;border:3px solid;background-color:transparent}.elementor-widget-text-editor:not(.elementor-drop-cap-view-default) .elementor-drop-cap{margin-top:8px}.elementor-widget-text-editor:not(.elementor-drop-cap-view-default) .elementor-drop-cap-letter{width:1em;height:1em}.elementor-widget-text-editor .elementor-drop-cap{float:left;text-align:center;line-height:1;font-size:50px}.elementor-widget-text-editor .elementor-drop-cap-letter{display:inline-block}<\/style>\t\t\t\t<p>Qual o seu perfil?<\/p><p>O importante \u00e9 contribuir de verdade para que mais mulheres tenham id\u00eanticas oportunidades e acesso ao Mercado de Capitais.<\/p><p>Voc\u00ea pode ser EMBAIXADORA, MADRINHA ou MENTORA.<\/p>\t\t\t\t\t\t<\/div>\n\t\t\t\t<\/div>\n\t\t\t\t\t<\/div>\n\t\t<\/div>\n\t\t\t\t\t\t\t<\/div>\n\t\t<\/section>\n\t\t\t\t<section class=\"elementor-section elementor-top-section elementor-element elementor-element-67aff01 elementor-section-boxed elementor-section-height-default elementor-section-height-default\" data-id=\"67aff01\" data-element_type=\"section\">\n\t\t\t\t\t\t<div class=\"elementor-container elementor-column-gap-default\">\n\t\t\t\t\t<div class=\"elementor-column elementor-col-50 elementor-top-column elementor-element elementor-element-9c04fba\" data-id=\"9c04fba\" data-element_type=\"column\">\n\t\t\t<div class=\"elementor-widget-wrap elementor-element-populated\">\n\t\t\t\t\t\t\t\t<div class=\"elementor-element elementor-element-67e69f6 elementor-widget elementor-widget-text-editor\" data-id=\"67e69f6\" data-element_type=\"widget\" data-widget_type=\"text-editor.default\">\n\t\t\t\t<div class=\"elementor-widget-container\">\n\t\t\t\t\t\t\t<p><b>EMBAIXADORA<\/b><\/p><p>Voc\u00ea \u00e9 uma mulher reconhecida pela sociedade. As pessoas respeitam toda a sua trajet\u00f3ria de trabalho. Seu papel \u00e9 emprestar seu prest\u00edgio para fortalecer a nossa luta. Para tanto, precisamos de uma foto sua que divulgaremos em post nas redes sociais. Seu apoio \u00e9 fundamental.<\/p>\t\t\t\t\t\t<\/div>\n\t\t\t\t<\/div>\n\t\t\t\t<div class=\"elementor-element elementor-element-eb0c19a elementor-widget elementor-widget-text-editor\" data-id=\"eb0c19a\" data-element_type=\"widget\" data-widget_type=\"text-editor.default\">\n\t\t\t\t<div class=\"elementor-widget-container\">\n\t\t\t\t\t\t\t<p><b>MADRINHA<\/b><\/p><p>Voc\u00ea \u00e9 uma empreendedora, uma desenvolvedora de neg\u00f3cios ou, ainda, uma &#8220;influencer&#8221;. As pessoas gostam de v\u00ea-la e ouvi-la sobretudo sobre assuntos que se relacionam \u00e0 Economia e Neg\u00f3cios. Mas voc\u00ea \u00e9 muito ocupada. Ent\u00e3o, o que queremos\u00a0<span style=\"background-color: var(--wp--preset--color--background); font-size: var(--wp--preset--font-size--medium);\">e que voc\u00ea grave um v\u00eddeo dando um &#8220;empurr\u00e3o&#8221; nas Meninas que est\u00e3o conhecendo o Mercado, publique nas suas redes e nos marque. E, assim, vamos impulsionando o sonho.<\/span><\/p>\t\t\t\t\t\t<\/div>\n\t\t\t\t<\/div>\n\t\t\t\t<div class=\"elementor-element elementor-element-b20c835 elementor-widget elementor-widget-text-editor\" data-id=\"b20c835\" data-element_type=\"widget\" data-widget_type=\"text-editor.default\">\n\t\t\t\t<div class=\"elementor-widget-container\">\n\t\t\t\t\t\t\t<p><span style=\"background-color: var(--wp--preset--color--background); font-size: var(--wp--preset--font-size--medium);\"><b>MENTORA<\/b><\/span><\/p><p>Voc\u00ea \u00e9 muito grata por muita gente que a ajudou no in\u00edcio de sua Carreira. Ou, simplesmente, voc\u00ea entende que as dificuldades pelas quais voc\u00ea passou n\u00e3o precisam se repetir para outras mulheres. Ent\u00e3o,\u00a0 convite \u00e9 que voc\u00ea disponibilize 2 horas do seu tempo. Vamos dividi-lo em alguns temas e gravar. As Meninas v\u00e3o adorar conhec\u00ea-la e se inspirar no seu modelo. Se conseguir, marcamos um encontro virtual ao vivo.<\/p>\t\t\t\t\t\t<\/div>\n\t\t\t\t<\/div>\n\t\t\t\t<div class=\"elementor-element elementor-element-6d1bdb8 elementor-widget elementor-widget-heading\" data-id=\"6d1bdb8\" data-element_type=\"widget\" data-widget_type=\"heading.default\">\n\t\t\t\t<div class=\"elementor-widget-container\">\n\t\t\t<h5 class=\"elementor-heading-title elementor-size-default\"><a href=\"http:\/\/meninasnabolsa.com\/index.php\/formulario\/?preview_id=740&#038;preview_nonce=01b1c3dc47&#038;preview=true\">SUBMETA SEU NOME AQUI!<\/a><\/h5>\t\t<\/div>\n\t\t\t\t<\/div>\n\t\t\t\t<div class=\"elementor-element elementor-element-de989b0 elementor-widget elementor-widget-text-editor\" data-id=\"de989b0\" data-element_type=\"widget\" data-widget_type=\"text-editor.default\">\n\t\t\t\t<div class=\"elementor-widget-container\">\n\t\t\t\t\t\t\t<p>Agora, se sua Empresa, Institui\u00e7\u00e3o, Universidade, Corretora de Valores, Escrit\u00f3rio de Agentes de Investimento quiser receber um SELO do Instituto Empresa de &#8220;Empresa ESG&#8221; por apoiar o &#8220;Meninas na Bolsa&#8221;, deixe-nos saber.<\/p><p>Fale conosco: meninasnabolsa@meninasnabolsa.com<\/p>\t\t\t\t\t\t<\/div>\n\t\t\t\t<\/div>\n\t\t\t\t\t<\/div>\n\t\t<\/div>\n\t\t\t\t<div class=\"elementor-column elementor-col-50 elementor-top-column elementor-element elementor-element-5354bb8\" data-id=\"5354bb8\" data-element_type=\"column\">\n\t\t\t<div class=\"elementor-widget-wrap elementor-element-populated\">\n\t\t\t\t\t\t\t\t<div class=\"elementor-element elementor-element-403bc54 elementor-widget elementor-widget-image\" data-id=\"403bc54\" data-element_type=\"widget\" data-widget_type=\"image.default\">\n\t\t\t\t<div class=\"elementor-widget-container\">\n\t\t\t<style>\/*! elementor - v3.6.8 - 27-07-2022 *\/\n.elementor-widget-image{text-align:center}.elementor-widget-image a{display:inline-block}.elementor-widget-image a img[src$=\".svg\"]{width:48px}.elementor-widget-image img{vertical-align:middle;display:inline-block}<\/style>\t\t\t\t\t\t\t\t\t\t\t\t<img width=\"723\" height=\"1024\" src=\"http:\/\/meninasnabolsa.com\/wp-content\/uploads\/2022\/08\/Imagem1-723x1024.png\" class=\"attachment-large size-large\" alt=\"\" loading=\"lazy\" srcset=\"http:\/\/meninasnabolsa.com\/wp-content\/uploads\/2022\/08\/Imagem1-723x1024.png 723w, http:\/\/meninasnabolsa.com\/wp-content\/uploads\/2022\/08\/Imagem1-212x300.png 212w, http:\/\/meninasnabolsa.com\/wp-content\/uploads\/2022\/08\/Imagem1-768x1088.png 768w, http:\/\/meninasnabolsa.com\/wp-content\/uploads\/2022\/08\/Imagem1.png 885w\" sizes=\"(max-width: 723px) 100vw, 723px\" \/>\t\t\t\t\t\t\t\t\t\t\t\t\t\t\t<\/div>\n\t\t\t\t<\/div>\n\t\t\t\t\t<\/div>\n\t\t<\/div>\n\t\t\t\t\t\t\t<\/div>\n\t\t<\/section>\n\t\t\t\t\t\t\t<\/div>\n\t\t","protected":false},"excerpt":{"rendered":"<p>Engaje-se Qual o seu perfil? O importante \u00e9 contribuir de verdade para que mais mulheres tenham id\u00eanticas oportunidades e acesso ao Mercado de Capitais. Voc\u00ea pode ser EMBAIXADORA, MADRINHA ou MENTORA. EMBAIXADORA Voc\u00ea \u00e9 uma mulher reconhecida pela sociedade. As pessoas respeitam toda a sua trajet\u00f3ria de trabalho. Seu papel \u00e9 emprestar seu prest\u00edgio para [&hellip;]<\/p>\n","protected":false},"author":2,"featured_media":0,"parent":0,"menu_order":0,"comment_status":"closed","ping_status":"closed","template":"elementor_header_footer","meta":[],"_links":{"self":[{"href":"http:\/\/meninasnabolsa.com\/index.php\/wp-json\/wp\/v2\/pages\/509"}],"collection":[{"href":"http:\/\/meninasnabolsa.com\/index.php\/wp-json\/wp\/v2\/pages"}],"about":[{"href":"http:\/\/meninasnabolsa.com\/index.php\/wp-json\/wp\/v2\/types\/page"}],"author":[{"embeddable":true,"href":"http:\/\/meninasnabolsa.com\/index.php\/wp-json\/wp\/v2\/users\/2"}],"replies":[{"embeddable":true,"href":"http:\/\/meninasnabolsa.com\/index.php\/wp-json\/wp\/v2\/comments?post=509"}],"version-history":[{"count":37,"href":"http:\/\/meninasnabolsa.com\/index.php\/wp-json\/wp\/v2\/pages\/509\/revisions"}],"predecessor-version":[{"id":801,"href":"http:\/\/meninasnabolsa.com\/index.php\/wp-json\/wp\/v2\/pages\/509\/revisions\/801"}],"wp:attachment":[{"href":"http:\/\/meninasnabolsa.com\/index.php\/wp-json\/wp\/v2\/media?parent=509"}],"curies":[{"name":"wp","href":"https:\/\/api.w.org\/{rel}","templated":true}]}}